{"id":24,"date":"2017-08-03T09:46:14","date_gmt":"2017-08-03T06:46:14","guid":{"rendered":"https:\/\/glovr.fi\/lms\/?page_id=24"},"modified":"2019-06-25T11:56:45","modified_gmt":"2019-06-25T08:56:45","slug":"etusivu","status":"publish","type":"page","link":"https:\/\/glovr.fi\/lms\/","title":{"rendered":"Tervetuloa GLOVR hankkeen sivuille"},"content":{"rendered":"<h2><span id=\"project-name\" class=\"soresu-value\">Globaali virtuaalitodellisuus on osa lukiolaisen arkea<\/span><\/h2>\n<p><strong><span class=\"soresu-key\">Hanke p\u00e4hkin\u00e4nkuoressa<img loading=\"lazy\" decoding=\"async\" class=\"alignright wp-image-60 size-thumbnail\" src=\"https:\/\/glovr.fi\/lms\/wp-content\/uploads\/sites\/2\/2017\/08\/181416_edufi_financing_rgb-150x150.png\" alt=\"\" width=\"150\" height=\"150\" srcset=\"https:\/\/glovr.fi\/lms\/wp-content\/uploads\/sites\/2\/2017\/08\/181416_edufi_financing_rgb-150x150.png 150w, https:\/\/glovr.fi\/lms\/wp-content\/uploads\/sites\/2\/2017\/08\/181416_edufi_financing_rgb-72x72.png 72w, https:\/\/glovr.fi\/lms\/wp-content\/uploads\/sites\/2\/2017\/08\/181416_edufi_financing_rgb-126x126.png 126w, https:\/\/glovr.fi\/lms\/wp-content\/uploads\/sites\/2\/2017\/08\/181416_edufi_financing_rgb-100x100.png 100w\" sizes=\"(max-width: 150px) 100vw, 150px\" \/><\/span><\/strong><\/p>\n<p style=\"text-align: justify;\"><span id=\"project-nutshell\" class=\"soresu-value\">T\u00e4m\u00e4n OPH-hankkeen (<span id=\"radioButton-1\" class=\"soresu-value\">Innovatiivisten oppimisymp\u00e4rist\u00f6jen edist\u00e4minen lukiokoulutuksessa<\/span>) avulla mahdollistetaan uusien oppimisymp\u00e4rist\u00f6jen (esim. virtuaalitodellisuuden) sis\u00e4lt\u00f6jen ja k\u00e4ytt\u00e4misen kehitt\u00e4minen opetusk\u00e4yt\u00f6ss\u00e4. Koska oppiainerajat ovat edelleen olemassa, l\u00e4hdet\u00e4\u00e4n sis\u00e4ll\u00f6ist\u00e4, jotka on jokaiseen oppiaineeseen kirjoitettu (globaalit teemat). Oppiainerajojen ylitt\u00e4minen on paitsi sis\u00e4ll\u00f6llist\u00e4 my\u00f6s toiminnallista, esim. konkreettisesti oppiaineiden yhteisty\u00f6ss\u00e4 toteutettavan tiimijakson aikana. Kannustetaan my\u00f6s yksil\u00f6llisiin oppimispolkuihin, joissa voi n\u00e4ky\u00e4 my\u00f6s harrastuneisuus (esim. globaaleihin teemoihin kytketty pelinrakentaminen).<\/span><\/p>\n<p><strong>Toimivat oppilaitokset ovat <a href=\"https:\/\/klassikka.onedu.fi\/web\/\" target=\"_blank\" rel=\"noopener noreferrer\">Kuopion klassillinen lukio<\/a> (koordinaattori) ja <a href=\"http:\/\/www.joensuu.fi\/yhteiskoulunlukio\" target=\"_blank\" rel=\"noopener noreferrer\">Joensuun yhteiskoulun lukio<\/a>.<\/strong><\/p>\n<p><strong>Yhteisty\u00f6kumppaneina toimivat:<\/strong><br \/>\n<span id=\"other-partners\" class=\"soresu-value\"><a href=\"https:\/\/www.kepa.fi\/\" target=\"_blank\" rel=\"noopener noreferrer\">KEPA ry,<\/a> Sis\u00e4ll\u00f6n- ja tiedonjakelu kansallisesti ja kansainv\u00e4lisesti<br \/>\n<\/span><span id=\"other-partners\" class=\"soresu-value\"><a href=\"https:\/\/plan.fi\/\" target=\"_blank\" rel=\"noopener noreferrer\">Plan International Finland<\/a>, Sis\u00e4ll\u00f6n- ja tiedonjakelu kansallisesti ja kansainv\u00e4lisesti<br \/>\n<a href=\"http:\/\/nestcentre.com\/\" target=\"_blank\" rel=\"noopener noreferrer\">NEST-keskus<\/a> Sis\u00e4ll\u00f6n- ja tiedonjakelu kansallisesti ja kansainv\u00e4lisesti<br \/>\n<\/span><span id=\"other-partners\" class=\"soresu-value\"><a href=\"http:\/\/www.lyfta.com\/\" target=\"_blank\" rel=\"noopener noreferrer\">LYFTA OY,<\/a> Sis\u00e4ll\u00f6n tuotannon ohjaus ja koulutus<\/span><br \/>\n<a href=\"https:\/\/mobiesmart.fi\/fi\/\" target=\"_blank\" rel=\"noopener noreferrer\">MOBIE OY<\/a> (eSmart hankesivusto ja verkko-oppimisen palvelut sek\u00e4 360 sis\u00e4ll\u00f6ntuotannon julkaisualusta)<br \/>\n<a href=\"http:\/\/fineduvr.fi\/\" target=\"_blank\" rel=\"noopener noreferrer\">#FinEduVr<\/a> &#8211; <span class=\"subheader\">Virtuaalitodellisuus ja el\u00e4myksellinen oppiminen<\/span> (Osaamisen jakaminen OPH-hankkeille)<\/p>\n<p><strong>Voit seurata meit\u00e4 sosiaalisessa mediassa:<br \/>\n<\/strong><a href=\"https:\/\/twitter.com\/glovrfi\" target=\"_blank\" rel=\"noopener noreferrer\">https:\/\/twitter.com\/glovrfi<\/a><br \/>\n<a href=\"https:\/\/www.facebook.com\/glovrfi\/\" target=\"_blank\" rel=\"noopener noreferrer\">https:\/\/www.facebook.com\/glovrfi\/<\/a><br \/>\n<a href=\"https:\/\/www.instagram.com\/glovrfi\/\" target=\"_blank\" rel=\"noopener noreferrer\">https:\/\/www.instagram.com\/glovrfi\/<\/a><\/p>\n","protected":false},"excerpt":{"rendered":"<p>Globaali virtuaalitodellisuus on osa lukiolaisen arkea Hanke p\u00e4hkin\u00e4nkuoressa T\u00e4m\u00e4n OPH-hankkeen (Innovatiivisten oppimisymp\u00e4rist\u00f6jen edist\u00e4minen lukiokoulutuksessa) avulla mahdollistetaan uusien oppimisymp\u00e4rist\u00f6jen (esim. virtuaalitodellisuuden) sis\u00e4lt\u00f6jen ja k\u00e4ytt\u00e4misen kehitt\u00e4minen opetusk\u00e4yt\u00f6ss\u00e4. Koska oppiainerajat ovat edelleen olemassa, l\u00e4hdet\u00e4\u00e4n sis\u00e4ll\u00f6ist\u00e4, jotka on jokaiseen oppiaineeseen kirjoitettu (globaalit teemat). Oppiainerajojen ylitt\u00e4minen on paitsi sis\u00e4ll\u00f6llist\u00e4 my\u00f6s toiminnallista, esim. konkreettisesti oppiaineiden yhteisty\u00f6ss\u00e4 toteutettavan tiimijakson aikana. Kannustetaan my\u00f6s [&hellip;]<\/p>\n","protected":false},"author":1,"featured_media":0,"parent":0,"menu_order":0,"comment_status":"closed","ping_status":"closed","template":"","meta":{"footnotes":""},"class_list":["post-24","page","type-page","status-publish","hentry","user-has-not-earned"],"_links":{"self":[{"href":"https:\/\/glovr.fi\/lms\/wp-json\/wp\/v2\/pages\/24"}],"collection":[{"href":"https:\/\/glovr.fi\/lms\/wp-json\/wp\/v2\/pages"}],"about":[{"href":"https:\/\/glovr.fi\/lms\/wp-json\/wp\/v2\/types\/page"}],"author":[{"embeddable":true,"href":"https:\/\/glovr.fi\/lms\/wp-json\/wp\/v2\/users\/1"}],"replies":[{"embeddable":true,"href":"https:\/\/glovr.fi\/lms\/wp-json\/wp\/v2\/comments?post=24"}],"version-history":[{"count":24,"href":"https:\/\/glovr.fi\/lms\/wp-json\/wp\/v2\/pages\/24\/revisions"}],"predecessor-version":[{"id":1661,"href":"https:\/\/glovr.fi\/lms\/wp-json\/wp\/v2\/pages\/24\/revisions\/1661"}],"wp:attachment":[{"href":"https:\/\/glovr.fi\/lms\/wp-json\/wp\/v2\/media?parent=24"}],"curies":[{"name":"wp","href":"https:\/\/api.w.org\/{rel}","templated":true}]}}