{"id":1993,"date":"2019-07-29T18:57:35","date_gmt":"2019-07-29T15:57:35","guid":{"rendered":"https:\/\/glovr.fi\/lms\/?page_id=1993"},"modified":"2019-07-29T18:58:11","modified_gmt":"2019-07-29T15:58:11","slug":"ipanorama-360-kayttoopas","status":"publish","type":"page","link":"https:\/\/glovr.fi\/lms\/ipanorama-360-kayttoopas\/","title":{"rendered":"iPanorama 360 &#8211; k\u00e4ytt\u00f6opas"},"content":{"rendered":"<div id=\"attachment_1969\" style=\"width: 181px\" class=\"wp-caption alignnone\"><a href=\"https:\/\/glovr.fi\/lms\/zine\/35\/cover\"><img loading=\"lazy\" decoding=\"async\" aria-describedby=\"caption-attachment-1969\" class=\"required incolumn wp-image-1969 size-medium\" src=\"https:\/\/glovr.fi\/lms\/wp-content\/uploads\/sites\/2\/2017\/08\/kansi-171x300.png\" alt=\"\" width=\"171\" height=\"300\" srcset=\"https:\/\/glovr.fi\/lms\/wp-content\/uploads\/sites\/2\/2017\/08\/kansi-171x300.png 171w, https:\/\/glovr.fi\/lms\/wp-content\/uploads\/sites\/2\/2017\/08\/kansi-768x1345.png 768w, https:\/\/glovr.fi\/lms\/wp-content\/uploads\/sites\/2\/2017\/08\/kansi-585x1024.png 585w, https:\/\/glovr.fi\/lms\/wp-content\/uploads\/sites\/2\/2017\/08\/kansi-252x441.png 252w, https:\/\/glovr.fi\/lms\/wp-content\/uploads\/sites\/2\/2017\/08\/kansi-522x914.png 522w, https:\/\/glovr.fi\/lms\/wp-content\/uploads\/sites\/2\/2017\/08\/kansi-792x1387.png 792w, https:\/\/glovr.fi\/lms\/wp-content\/uploads\/sites\/2\/2017\/08\/kansi-1062x1860.png 1062w, https:\/\/glovr.fi\/lms\/wp-content\/uploads\/sites\/2\/2017\/08\/kansi-624x1093.png 624w, https:\/\/glovr.fi\/lms\/wp-content\/uploads\/sites\/2\/2017\/08\/kansi-57x100.png 57w, https:\/\/glovr.fi\/lms\/wp-content\/uploads\/sites\/2\/2017\/08\/kansi-750x1314.png 750w, https:\/\/glovr.fi\/lms\/wp-content\/uploads\/sites\/2\/2017\/08\/kansi-1169x2048.png 1169w, https:\/\/glovr.fi\/lms\/wp-content\/uploads\/sites\/2\/2017\/08\/kansi.png 1236w\" sizes=\"(max-width: 171px) 100vw, 171px\" \/><\/a><p id=\"caption-attachment-1969\" class=\"wp-caption-text\">Klikkaa t\u00e4st\u00e4 lukeaksesi oppaan.<\/p><\/div>\n<p>Opas on viel\u00e4 kehityksen alla, syksyn 2019 aikana oppaasta tullaan julkaisemaan t\u00e4ysi virallinen versio.<\/p>\n<p>T\u00e4m\u00e4n oppaan on tarkoitus antaa lukijalleen valmiudet rakentaa 360\u00b0-virtuaaliymp\u00e4rist\u00f6 k\u00e4ytt\u00e4en Klassikalla k\u00e4yt\u00f6ss\u00e4 olevaa iPanorama 360-lis\u00e4osaa. Opas tulee sis\u00e4lt\u00e4m\u00e4\u00e4n lyhyit\u00e4 opetusvideoita ymp\u00e4rist\u00f6n k\u00e4ytt\u00e4misest\u00e4 ja parhaista vinkeist\u00e4, joilla saa alustasta kaiken irti. Oppaan on toteuttanut Klassikan entinen opiskelija Tuomas Alanen, jolla on useamman 360\u00b0-ymp\u00e4rist\u00f6n kokemus alustan k\u00e4ytt\u00e4misest\u00e4, ja on my\u00f6s toiminut kouluttajana alustan k\u00e4yt\u00f6ss\u00e4 Klassikalla.<\/p>\n","protected":false},"excerpt":{"rendered":"<p>Opas on viel\u00e4 kehityksen alla, syksyn 2019 aikana oppaasta tullaan julkaisemaan t\u00e4ysi virallinen versio. T\u00e4m\u00e4n oppaan on tarkoitus antaa lukijalleen valmiudet rakentaa 360\u00b0-virtuaaliymp\u00e4rist\u00f6 k\u00e4ytt\u00e4en Klassikalla k\u00e4yt\u00f6ss\u00e4 olevaa iPanorama 360-lis\u00e4osaa. Opas tulee sis\u00e4lt\u00e4m\u00e4\u00e4n lyhyit\u00e4 opetusvideoita ymp\u00e4rist\u00f6n k\u00e4ytt\u00e4misest\u00e4 ja parhaista vinkeist\u00e4, joilla saa alustasta kaiken irti. Oppaan on toteuttanut Klassikan entinen opiskelija Tuomas Alanen, jolla on useamman [&hellip;]<\/p>\n","protected":false},"author":19,"featured_media":0,"parent":0,"menu_order":0,"comment_status":"closed","ping_status":"closed","template":"","meta":{"footnotes":""},"class_list":["post-1993","page","type-page","status-publish","hentry","user-has-not-earned"],"_links":{"self":[{"href":"https:\/\/glovr.fi\/lms\/wp-json\/wp\/v2\/pages\/1993"}],"collection":[{"href":"https:\/\/glovr.fi\/lms\/wp-json\/wp\/v2\/pages"}],"about":[{"href":"https:\/\/glovr.fi\/lms\/wp-json\/wp\/v2\/types\/page"}],"author":[{"embeddable":true,"href":"https:\/\/glovr.fi\/lms\/wp-json\/wp\/v2\/users\/19"}],"replies":[{"embeddable":true,"href":"https:\/\/glovr.fi\/lms\/wp-json\/wp\/v2\/comments?post=1993"}],"version-history":[{"count":1,"href":"https:\/\/glovr.fi\/lms\/wp-json\/wp\/v2\/pages\/1993\/revisions"}],"predecessor-version":[{"id":1995,"href":"https:\/\/glovr.fi\/lms\/wp-json\/wp\/v2\/pages\/1993\/revisions\/1995"}],"wp:attachment":[{"href":"https:\/\/glovr.fi\/lms\/wp-json\/wp\/v2\/media?parent=1993"}],"curies":[{"name":"wp","href":"https:\/\/api.w.org\/{rel}","templated":true}]}}