{"id":1987,"date":"2019-07-29T18:50:24","date_gmt":"2019-07-29T15:50:24","guid":{"rendered":"https:\/\/glovr.fi\/lms\/?page_id=1987"},"modified":"2019-07-29T18:52:13","modified_gmt":"2019-07-29T15:52:13","slug":"virtuaalitodellisuus-101-opas-opettajille","status":"publish","type":"page","link":"https:\/\/glovr.fi\/lms\/virtuaalitodellisuus-101-opas-opettajille\/","title":{"rendered":"Virtuaalitodellisuus 101 &#8211; opas opettajille"},"content":{"rendered":"<div id=\"attachment_1928\" style=\"width: 181px\" class=\"wp-caption alignnone\"><a href=\"https:\/\/glovr.fi\/lms\/zine\/43\/cover\"><img loading=\"lazy\" decoding=\"async\" aria-describedby=\"caption-attachment-1928\" class=\"required incolumn wp-image-1928 size-medium\" src=\"https:\/\/glovr.fi\/lms\/wp-content\/uploads\/sites\/2\/2017\/08\/kansi-1-171x300.png\" alt=\"\" width=\"171\" height=\"300\" srcset=\"https:\/\/glovr.fi\/lms\/wp-content\/uploads\/sites\/2\/2017\/08\/kansi-1-171x300.png 171w, https:\/\/glovr.fi\/lms\/wp-content\/uploads\/sites\/2\/2017\/08\/kansi-1-768x1345.png 768w, https:\/\/glovr.fi\/lms\/wp-content\/uploads\/sites\/2\/2017\/08\/kansi-1-585x1024.png 585w, https:\/\/glovr.fi\/lms\/wp-content\/uploads\/sites\/2\/2017\/08\/kansi-1-252x441.png 252w, https:\/\/glovr.fi\/lms\/wp-content\/uploads\/sites\/2\/2017\/08\/kansi-1-522x914.png 522w, https:\/\/glovr.fi\/lms\/wp-content\/uploads\/sites\/2\/2017\/08\/kansi-1-792x1387.png 792w, https:\/\/glovr.fi\/lms\/wp-content\/uploads\/sites\/2\/2017\/08\/kansi-1-1062x1860.png 1062w, https:\/\/glovr.fi\/lms\/wp-content\/uploads\/sites\/2\/2017\/08\/kansi-1-624x1093.png 624w, https:\/\/glovr.fi\/lms\/wp-content\/uploads\/sites\/2\/2017\/08\/kansi-1-57x100.png 57w, https:\/\/glovr.fi\/lms\/wp-content\/uploads\/sites\/2\/2017\/08\/kansi-1-750x1314.png 750w, https:\/\/glovr.fi\/lms\/wp-content\/uploads\/sites\/2\/2017\/08\/kansi-1-1169x2048.png 1169w, https:\/\/glovr.fi\/lms\/wp-content\/uploads\/sites\/2\/2017\/08\/kansi-1.png 1236w\" sizes=\"(max-width: 171px) 100vw, 171px\" \/><\/a><p id=\"caption-attachment-1928\" class=\"wp-caption-text\">Klikkaa t\u00e4st\u00e4 lukeaksesi oppaan.<\/p><\/div>\n<p>Opas on viel\u00e4 ty\u00f6n alla ja kehittyy koko ajan, kehitysversiota p\u00e4\u00e4see lukemaan klikkaamalla ylt\u00e4.<\/p>\n<p>T\u00e4m\u00e4n oppaan tarkoitus on antaa opettajille vinkkej\u00e4 ja tukea virtuaalitodellisuuden hy\u00f6dynt\u00e4misess\u00e4 opetuksen tukena ja virikkeen\u00e4. Oppaan yksi t\u00e4rkeimmist\u00e4 teht\u00e4vist\u00e4 on antaa lukijalleen kipin\u00e4 kokeilla uuden teknologian tuomia mahdollisuuksia. Oppaan on tuottanut Klassikan entinen opiskelija Tuomas Alanen, joka pureutui virtuaalitodellisuuteen omien lukio-opintojensa ohessa.<\/p>\n","protected":false},"excerpt":{"rendered":"<p>Opas on viel\u00e4 ty\u00f6n alla ja kehittyy koko ajan, kehitysversiota p\u00e4\u00e4see lukemaan klikkaamalla ylt\u00e4. T\u00e4m\u00e4n oppaan tarkoitus on antaa opettajille vinkkej\u00e4 ja tukea virtuaalitodellisuuden hy\u00f6dynt\u00e4misess\u00e4 opetuksen tukena ja virikkeen\u00e4. Oppaan yksi t\u00e4rkeimmist\u00e4 teht\u00e4vist\u00e4 on antaa lukijalleen kipin\u00e4 kokeilla uuden teknologian tuomia mahdollisuuksia. Oppaan on tuottanut Klassikan entinen opiskelija Tuomas Alanen, joka pureutui virtuaalitodellisuuteen omien lukio-opintojensa [&hellip;]<\/p>\n","protected":false},"author":19,"featured_media":0,"parent":0,"menu_order":0,"comment_status":"closed","ping_status":"closed","template":"","meta":{"footnotes":""},"class_list":["post-1987","page","type-page","status-publish","hentry","user-has-not-earned"],"_links":{"self":[{"href":"https:\/\/glovr.fi\/lms\/wp-json\/wp\/v2\/pages\/1987"}],"collection":[{"href":"https:\/\/glovr.fi\/lms\/wp-json\/wp\/v2\/pages"}],"about":[{"href":"https:\/\/glovr.fi\/lms\/wp-json\/wp\/v2\/types\/page"}],"author":[{"embeddable":true,"href":"https:\/\/glovr.fi\/lms\/wp-json\/wp\/v2\/users\/19"}],"replies":[{"embeddable":true,"href":"https:\/\/glovr.fi\/lms\/wp-json\/wp\/v2\/comments?post=1987"}],"version-history":[{"count":3,"href":"https:\/\/glovr.fi\/lms\/wp-json\/wp\/v2\/pages\/1987\/revisions"}],"predecessor-version":[{"id":1992,"href":"https:\/\/glovr.fi\/lms\/wp-json\/wp\/v2\/pages\/1987\/revisions\/1992"}],"wp:attachment":[{"href":"https:\/\/glovr.fi\/lms\/wp-json\/wp\/v2\/media?parent=1987"}],"curies":[{"name":"wp","href":"https:\/\/api.w.org\/{rel}","templated":true}]}}