{"id":154,"date":"2017-08-29T12:39:49","date_gmt":"2017-08-29T09:39:49","guid":{"rendered":"https:\/\/glovr.fi\/lms\/?page_id=154"},"modified":"2017-08-30T11:01:59","modified_gmt":"2017-08-30T08:01:59","slug":"hanke","status":"publish","type":"page","link":"https:\/\/glovr.fi\/lms\/hanke\/","title":{"rendered":"Hanke"},"content":{"rendered":"<p><img loading=\"lazy\" decoding=\"async\" class=\"alignright size-medium wp-image-60\" src=\"https:\/\/glovr.fi\/lms\/wp-content\/uploads\/sites\/2\/2017\/08\/181416_edufi_financing_rgb-300x296.png\" alt=\"\" width=\"300\" height=\"296\" srcset=\"https:\/\/glovr.fi\/lms\/wp-content\/uploads\/sites\/2\/2017\/08\/181416_edufi_financing_rgb-300x296.png 300w, https:\/\/glovr.fi\/lms\/wp-content\/uploads\/sites\/2\/2017\/08\/181416_edufi_financing_rgb-252x248.png 252w, https:\/\/glovr.fi\/lms\/wp-content\/uploads\/sites\/2\/2017\/08\/181416_edufi_financing_rgb-72x72.png 72w, https:\/\/glovr.fi\/lms\/wp-content\/uploads\/sites\/2\/2017\/08\/181416_edufi_financing_rgb-100x100.png 100w, https:\/\/glovr.fi\/lms\/wp-content\/uploads\/sites\/2\/2017\/08\/181416_edufi_financing_rgb.png 358w\" sizes=\"(max-width: 300px) 100vw, 300px\" \/>Opetushallitus \/ Utbildningsstyrelsen P\u00e4\u00e4t\u00f6s<br \/>\n28.6.2017<br \/>\n209\/582\/2017<br \/>\nKuopion kaupunki<br \/>\nAsia<\/p>\n<p>VALTIONAVUSTUSHAKEMUSTA KOSKEVA P\u00c4\u00c4T\u00d6S<\/p>\n<p>Innovatiivisten oppimisymp\u00e4rist\u00f6jen edist\u00e4minen esi- ja perusopetuksessa sek\u00e4 lukiokoulutuksessa 2017<br \/>\nTaustaa<\/p>\n<p>Opetushallitus asetti haettavaksi 26.4.\u201324.5.2017 valtionavustukset innovatiivisten oppimisymp\u00e4rist\u00f6jen edist\u00e4miseen esi- ja perusopetuksessa sek\u00e4 lukiokoulutuksessa. Hakemuksia saapui kaikkiaan 148 kpl. Haetun avustuksen m\u00e4\u00e4r\u00e4 oli noin 10 883 000 euroa. Avustuksiin k\u00e4ytett\u00e4v\u00e4 m\u00e4\u00e4r\u00e4raha oli noin 2 500 000 euroa.<br \/>\nP\u00e4\u00e4t\u00f6s<\/p>\n<p>Opetushallitus on p\u00e4\u00e4tt\u00e4nyt my\u00f6nt\u00e4\u00e4 valtionavustusta hankkeelle<\/p>\n<p>209\/582\/2017 Globaali VR on osa lukiolaisen arkea<\/p>\n<p>Opetushallitus my\u00f6nt\u00e4\u00e4 avustusta hankkeelle 77 600 \u20ac. Hankkeelle hyv\u00e4ksytyt kokonaisnettomenot ovat yhteens\u00e4 97 000 \u20ac.<\/p>\n<p>Hankkeen k\u00e4ytt\u00f6suunnitelmassa on esitetty hankkeen mahdolliset tulot, omarahoitus ja muu rahoitus. Valtionavustusprosentti on 80%.<\/p>\n<p>Valtionavustusta saa k\u00e4ytt\u00e4\u00e4 kehitt\u00e4mishankkeen toteuttamisesta aiheutuviin menoihin p\u00e4\u00e4t\u00f6ksen liitteen\u00e4 olevan hyv\u00e4ksytyn k\u00e4ytt\u00f6suunnitelman mukaisesti. Jos hakija on ilmoittanut kustannukset arvonlis\u00e4verollisina hankesuunnitelman talousarviossa, tulee ne my\u00f6s raportoida arvonlis\u00e4verollisina.<\/p>\n<p>Laitehankintoihin voi k\u00e4ytt\u00e4\u00e4 esi- ja perusopetuksen hankkeissa enint\u00e4\u00e4n 40 % ja lukiokoulutuksen hankkeissa enint\u00e4\u00e4n 30 % kokonaiskustannuksista. Rakentamiskustannuksia ja kalustehankintoja ei hyv\u00e4ksyt\u00e4 hankkeen kustannuksiksi. Valtionavustuksella hankittuja laitteita ei saa k\u00e4ytt\u00e4\u00e4 pysyv\u00e4sti muuhun kuin p\u00e4\u00e4t\u00f6ksess\u00e4 m\u00e4\u00e4r\u00e4ttyyn tarkoitukseen eik\u00e4 laitteiden omistusoikeutta saa luovuttaa toiselle laitteiden k\u00e4ytt\u00f6aikana. K\u00e4ytt\u00f6ajaksi katsotaan kolme vuotta avustuksen k\u00e4ytt\u00f6ajan p\u00e4\u00e4ttymisest\u00e4.<\/p>\n<p>Avustuksen saajan on lis\u00e4ksi noudatettava avustusp\u00e4\u00e4t\u00f6ksen liitteess\u00e4 esitettyj\u00e4 erityisavustukseen liittyvi\u00e4 ehtoja ja rajoituksia.<\/p>\n<p>Vuonna 2016 valtionavustusta saaneelle hankkeelle voidaan maksaa vuoden 2017 avustus vasta kun Opetushallitus on hyv\u00e4ksynyt hakijan 31.8.2017 menness\u00e4 toimittaman aiempaa avustusta koskevan v\u00e4liselvityksen.<\/p>\n<p>P\u00e4\u00e4t\u00f6s perustuu hakijan esitt\u00e4m\u00e4\u00e4n hankesuunnitelmaan ja siihen mahdollisesti arviointivaiheessa tehtyihin muutoksiin.<\/p>\n<p>&nbsp;<\/p>\n<p>Kimmo Koskinen, kimmo.koskinen@oph.fi<br \/>\npuhelin 029 533 1000 (keskus).<br \/>\nJohtajan sijainen, opetusneuvos Leena Nissil\u00e4<br \/>\nYlitarkastaja Kimmo Koskinen<\/p>\n","protected":false},"excerpt":{"rendered":"<p>Opetushallitus \/ Utbildningsstyrelsen P\u00e4\u00e4t\u00f6s 28.6.2017 209\/582\/2017 Kuopion kaupunki Asia VALTIONAVUSTUSHAKEMUSTA KOSKEVA P\u00c4\u00c4T\u00d6S Innovatiivisten oppimisymp\u00e4rist\u00f6jen edist\u00e4minen esi- ja perusopetuksessa sek\u00e4 lukiokoulutuksessa 2017 Taustaa Opetushallitus asetti haettavaksi 26.4.\u201324.5.2017 valtionavustukset innovatiivisten oppimisymp\u00e4rist\u00f6jen edist\u00e4miseen esi- ja perusopetuksessa sek\u00e4 lukiokoulutuksessa. Hakemuksia saapui kaikkiaan 148 kpl. Haetun avustuksen m\u00e4\u00e4r\u00e4 oli noin 10 883 000 euroa. Avustuksiin k\u00e4ytett\u00e4v\u00e4 m\u00e4\u00e4r\u00e4raha oli noin 2 [&hellip;]<\/p>\n","protected":false},"author":4,"featured_media":0,"parent":0,"menu_order":0,"comment_status":"closed","ping_status":"closed","template":"","meta":{"footnotes":""},"class_list":["post-154","page","type-page","status-publish","hentry","user-has-not-earned"],"_links":{"self":[{"href":"https:\/\/glovr.fi\/lms\/wp-json\/wp\/v2\/pages\/154"}],"collection":[{"href":"https:\/\/glovr.fi\/lms\/wp-json\/wp\/v2\/pages"}],"about":[{"href":"https:\/\/glovr.fi\/lms\/wp-json\/wp\/v2\/types\/page"}],"author":[{"embeddable":true,"href":"https:\/\/glovr.fi\/lms\/wp-json\/wp\/v2\/users\/4"}],"replies":[{"embeddable":true,"href":"https:\/\/glovr.fi\/lms\/wp-json\/wp\/v2\/comments?post=154"}],"version-history":[{"count":3,"href":"https:\/\/glovr.fi\/lms\/wp-json\/wp\/v2\/pages\/154\/revisions"}],"predecessor-version":[{"id":192,"href":"https:\/\/glovr.fi\/lms\/wp-json\/wp\/v2\/pages\/154\/revisions\/192"}],"wp:attachment":[{"href":"https:\/\/glovr.fi\/lms\/wp-json\/wp\/v2\/media?parent=154"}],"curies":[{"name":"wp","href":"https:\/\/api.w.org\/{rel}","templated":true}]}}