{"id":1113,"date":"2018-03-27T10:20:57","date_gmt":"2018-03-27T07:20:57","guid":{"rendered":"https:\/\/glovr.fi\/lms\/?page_id=1113"},"modified":"2018-03-27T10:28:02","modified_gmt":"2018-03-27T07:28:02","slug":"projektisivut","status":"publish","type":"page","link":"https:\/\/glovr.fi\/lms\/projektisivut\/","title":{"rendered":"Projektisivut"},"content":{"rendered":"<p>GLOVR hankkeen aikana tehd\u00e4\u00e4n konkreettisia kokeiluja 360 ymp\u00e4rist\u00f6jen ja 360 kameroiden k\u00e4yt\u00f6st\u00e4 opetuksessa eri tavoin.<br \/>\nP\u00e4\u00e4valikkoon julkaisemme niit\u00e4 sivustoja, joille saamme opiskeljoilta julkaisuluvan.<br \/>\nMuista kokeiluista kerromme blogissa ja omilla sosiaalisen median kanavilla.<\/p>\n<p><strong>Voit seurata meit\u00e4 sosiaalisessa mediassa:<br \/>\n<\/strong><a href=\"https:\/\/twitter.com\/glovrfi\" target=\"_blank\" rel=\"noopener\">https:\/\/twitter.com\/glovrfi<\/a><br \/>\n<a href=\"https:\/\/www.facebook.com\/glovrfi\/\" target=\"_blank\" rel=\"noopener\">https:\/\/www.facebook.com\/glovrfi\/<\/a><br \/>\n<a href=\"https:\/\/www.instagram.com\/glovrfi\/\" target=\"_blank\" rel=\"noopener\">https:\/\/www.instagram.com\/glovrfi\/<\/a><\/p>\n","protected":false},"excerpt":{"rendered":"<p>GLOVR hankkeen aikana tehd\u00e4\u00e4n konkreettisia kokeiluja 360 ymp\u00e4rist\u00f6jen ja 360 kameroiden k\u00e4yt\u00f6st\u00e4 opetuksessa eri tavoin. P\u00e4\u00e4valikkoon julkaisemme niit\u00e4 sivustoja, joille saamme opiskeljoilta julkaisuluvan. Muista kokeiluista kerromme blogissa ja omilla sosiaalisen median kanavilla. Voit seurata meit\u00e4 sosiaalisessa mediassa: https:\/\/twitter.com\/glovrfi https:\/\/www.facebook.com\/glovrfi\/ https:\/\/www.instagram.com\/glovrfi\/<\/p>\n","protected":false},"author":6,"featured_media":0,"parent":0,"menu_order":0,"comment_status":"closed","ping_status":"closed","template":"","meta":{"footnotes":""},"class_list":["post-1113","page","type-page","status-publish","hentry","user-has-not-earned"],"_links":{"self":[{"href":"https:\/\/glovr.fi\/lms\/wp-json\/wp\/v2\/pages\/1113"}],"collection":[{"href":"https:\/\/glovr.fi\/lms\/wp-json\/wp\/v2\/pages"}],"about":[{"href":"https:\/\/glovr.fi\/lms\/wp-json\/wp\/v2\/types\/page"}],"author":[{"embeddable":true,"href":"https:\/\/glovr.fi\/lms\/wp-json\/wp\/v2\/users\/6"}],"replies":[{"embeddable":true,"href":"https:\/\/glovr.fi\/lms\/wp-json\/wp\/v2\/comments?post=1113"}],"version-history":[{"count":5,"href":"https:\/\/glovr.fi\/lms\/wp-json\/wp\/v2\/pages\/1113\/revisions"}],"predecessor-version":[{"id":1121,"href":"https:\/\/glovr.fi\/lms\/wp-json\/wp\/v2\/pages\/1113\/revisions\/1121"}],"wp:attachment":[{"href":"https:\/\/glovr.fi\/lms\/wp-json\/wp\/v2\/media?parent=1113"}],"curies":[{"name":"wp","href":"https:\/\/api.w.org\/{rel}","templated":true}]}}